{"id":14,"date":"2020-10-18T00:52:35","date_gmt":"2020-10-17T21:52:35","guid":{"rendered":"https:\/\/qalaat-alshakarji.com\/?page_id=14"},"modified":"2023-12-21T00:52:01","modified_gmt":"2023-12-20T21:52:01","slug":"iletisim","status":"publish","type":"page","link":"https:\/\/qalaat-alshakarji.com\/?page_id=14","title":{"rendered":"\u0130LET\u0130\u015e\u0130M"},"content":{"rendered":"<p><strong>IRAK <\/strong><\/p>\n<p><strong>ERBIL<\/strong><br \/>\nNishtiman Bazar, Second Floor, Office No:710<\/p>\n<p><strong>BA\u011eDAT<\/strong><br \/>\nEl Kenani Center Second Floor Iraq-Baghdar-Shorja<\/p>\n<p><strong>TEL1:<\/strong> 009647517981601<br \/>\n<strong>TEL2:<\/strong> 009647703679888<br \/>\n<strong>TEL3:<\/strong> 009647710018023<br \/>\n&nbsp;<\/p>\n","protected":false},"excerpt":{"rendered":"<p>IRAK ERBIL Nishtiman Bazar, Second Floor, Office No:710 BA\u011eDAT El Kenani Center Second Floor Iraq-Baghdar-Shorja TEL1: 009647517981601 TEL2: 009647703679888 TEL3: 009647710018023 &nbsp;<\/p>\n","protected":false},"author":1,"featured_media":0,"parent":0,"menu_order":0,"comment_status":"closed","ping_status":"closed","template":"","meta":{"footnotes":""},"_links":{"self":[{"href":"https:\/\/qalaat-alshakarji.com\/index.php?rest_route=\/wp\/v2\/pages\/14"}],"collection":[{"href":"https:\/\/qalaat-alshakarji.com\/index.php?rest_route=\/wp\/v2\/pages"}],"about":[{"href":"https:\/\/qalaat-alshakarji.com\/index.php?rest_route=\/wp\/v2\/types\/page"}],"author":[{"embeddable":true,"href":"https:\/\/qalaat-alshakarji.com\/index.php?rest_route=\/wp\/v2\/users\/1"}],"replies":[{"embeddable":true,"href":"https:\/\/qalaat-alshakarji.com\/index.php?rest_route=%2Fwp%2Fv2%2Fcomments&post=14"}],"version-history":[{"count":24,"href":"https:\/\/qalaat-alshakarji.com\/index.php?rest_route=\/wp\/v2\/pages\/14\/revisions"}],"predecessor-version":[{"id":184,"href":"https:\/\/qalaat-alshakarji.com\/index.php?rest_route=\/wp\/v2\/pages\/14\/revisions\/184"}],"wp:attachment":[{"href":"https:\/\/qalaat-alshakarji.com\/index.php?rest_route=%2Fwp%2Fv2%2Fmedia&parent=14"}],"curies":[{"name":"wp","href":"https:\/\/api.w.org\/{rel}","templated":true}]}}