{"id":10,"date":"2020-10-18T00:51:50","date_gmt":"2020-10-17T21:51:50","guid":{"rendered":"https:\/\/qalaat-alshakarji.com\/?page_id=10"},"modified":"2023-12-16T17:05:05","modified_gmt":"2023-12-16T14:05:05","slug":"hakkimizda","status":"publish","type":"page","link":"https:\/\/qalaat-alshakarji.com\/?page_id=10","title":{"rendered":"HAKKIMIZDA"},"content":{"rendered":"<p>QALAAT-AL SHAKARJI COMPANY FOR GENERAL TRADE, IMPORT AND EXPORT, 2023 y\u0131l\u0131nda kurulan bir d\u0131\u015f ticaret \u015firketidir. Ba\u011fdat ve Erbil&#8217;de merkezi bulunan firma, kad\u0131n, erkek ve \u00e7ocuk tekstil giyim alan\u0131nda faaliyet g\u00f6stermektedir. Sekt\u00f6rdeki benzersiz vizyonu ile tan\u0131nmay\u0131 hedefleyen \u015firket, orta ve uzun vadede k\u00fcresel \u00e7apta bir marka olma yolunda ilerlemektedir.<\/p>\n<p><!--more--><\/p>\n<p>QALAAT-AL SHAKARJI, kalite ve m\u00fc\u015fteri memnuniyetini \u00f6n planda tutarak, \u015f\u0131kl\u0131k ve rahatl\u0131k sunan tekstil \u00fcr\u00fcnleri ile m\u00fc\u015fterilerine \u00f6zel bir deneyim sunmay\u0131 ama\u00e7lamaktad\u0131r. \u015eirketin temel amac\u0131, moday\u0131 takip ederken kalite standartlar\u0131ndan \u00f6d\u00fcn vermemek ve m\u00fc\u015fterilere sadece \u00fcr\u00fcn de\u011fil, ayn\u0131 zamanda g\u00fcvenilir bir al\u0131\u015fveri\u015f deneyimi sunmakt\u0131r.<\/p>\n<p>QALAAT-AL SHAKARJI, kuruldu\u011fu g\u00fcnden beri g\u00fcc\u00fcn\u00fc etik de\u011ferlere ve profesyonellik ilkesine dayal\u0131 bir i\u015f k\u00fclt\u00fcr\u00fc olu\u015fturarak sekt\u00f6rde ad\u0131ndan s\u0131k\u00e7a s\u00f6z ettirmektedir. \u015eirket, sadece \u00fcr\u00fcnlerinde de\u011fil, ayn\u0131 zamanda i\u015f yapma \u015fekli ve m\u00fc\u015fteri ili\u015fkilerinde de \u015feffaf, d\u00fcr\u00fcst ve g\u00fcvenilir bir marka olma yolunda kararl\u0131l\u0131kla ilerlemektedir.<\/p>\n<p>QALAAT-AL SHAKARJI COMPANY FOR GENERAL TRADE, IMPORT AND EXPORT, moday\u0131 \u015fekillendiren bir marka olarak sekt\u00f6rde kal\u0131c\u0131 bir iz b\u0131rakma misyonu ta\u015f\u0131maktad\u0131r. M\u00fc\u015fteri memnuniyetini her \u015feyin \u00fczerinde tutan firma, kaliteli \u00fcr\u00fcnleri ve benzersiz tasar\u0131mlar\u0131 ile moda d\u00fcnyas\u0131nda \u00f6ne \u00e7\u0131kmaya devam edecektir.<\/p>\n<blockquote>\n<h4 class=\"animated3\">Kalitede \u00d6nc\u00fc, Modada G\u00fcvenin Ad\u0131!<\/h4>\n<\/blockquote>\n","protected":false},"excerpt":{"rendered":"<p>QALAAT-AL SHAKARJI COMPANY FOR GENERAL TRADE, IMPORT AND EXPORT, 2023 y\u0131l\u0131nda kurulan bir d\u0131\u015f ticaret \u015firketidir. Ba\u011fdat ve Erbil&#8217;de merkezi bulunan firma, kad\u0131n, erkek ve \u00e7ocuk tekstil giyim alan\u0131nda faaliyet g\u00f6stermektedir. Sekt\u00f6rdeki benzersiz vizyonu ile tan\u0131nmay\u0131 hedefleyen \u015firket, orta ve uzun vadede k\u00fcresel \u00e7apta bir marka olma yolunda ilerlemektedir.<\/p>\n","protected":false},"author":1,"featured_media":0,"parent":0,"menu_order":0,"comment_status":"closed","ping_status":"closed","template":"about.php","meta":{"footnotes":""},"_links":{"self":[{"href":"https:\/\/qalaat-alshakarji.com\/index.php?rest_route=\/wp\/v2\/pages\/10"}],"collection":[{"href":"https:\/\/qalaat-alshakarji.com\/index.php?rest_route=\/wp\/v2\/pages"}],"about":[{"href":"https:\/\/qalaat-alshakarji.com\/index.php?rest_route=\/wp\/v2\/types\/page"}],"author":[{"embeddable":true,"href":"https:\/\/qalaat-alshakarji.com\/index.php?rest_route=\/wp\/v2\/users\/1"}],"replies":[{"embeddable":true,"href":"https:\/\/qalaat-alshakarji.com\/index.php?rest_route=%2Fwp%2Fv2%2Fcomments&post=10"}],"version-history":[{"count":12,"href":"https:\/\/qalaat-alshakarji.com\/index.php?rest_route=\/wp\/v2\/pages\/10\/revisions"}],"predecessor-version":[{"id":155,"href":"https:\/\/qalaat-alshakarji.com\/index.php?rest_route=\/wp\/v2\/pages\/10\/revisions\/155"}],"wp:attachment":[{"href":"https:\/\/qalaat-alshakarji.com\/index.php?rest_route=%2Fwp%2Fv2%2Fmedia&parent=10"}],"curies":[{"name":"wp","href":"https:\/\/api.w.org\/{rel}","templated":true}]}}